{"id":173,"date":"2023-03-21T09:06:30","date_gmt":"2023-03-21T09:06:30","guid":{"rendered":"http:\/\/localhost\/mrittik\/?page_id=173"},"modified":"2024-09-12T00:16:42","modified_gmt":"2024-09-12T00:16:42","slug":"solucionagua","status":"publish","type":"page","link":"https:\/\/pruebasindigo86.xyz\/alitec\/solucionagua\/","title":{"rendered":"Soluci\u00f3n + AGUA"},"content":{"rendered":"\t\t<div data-elementor-type=\"wp-page\" data-elementor-id=\"173\" class=\"elementor elementor-173\" data-elementor-post-type=\"page\">\n\t\t\t\t        <section class=\"elementor-section elementor-top-section elementor-element elementor-element-a1f9679 pxl-section-bg-overlay elementor-section-boxed elementor-section-height-default elementor-section-height-default pxl-row-scroll-none pxl-show-grid-none pxl-section-grid-bg-false\" data-id=\"a1f9679\" data-element_type=\"section\">\n\n                \n                <div class=\"elementor-container elementor-column-gap-default \">\n                <div class=\"elementor-column elementor-col-100 elementor-top-column elementor-element elementor-element-f6bb752 pxl-column-none\" data-id=\"f6bb752\" data-element_type=\"column\">\r\n        <div class=\"elementor-widget-wrap elementor-element-populated\">\r\n                     \r\n        \t\t<div class=\"elementor-element elementor-element-d4db7a6 elementor-widget elementor-widget-pxl_slider_carousel\" data-id=\"d4db7a6\" data-element_type=\"widget\" data-widget_type=\"pxl_slider_carousel.default\">\n\t\t\t\t<div class=\"elementor-widget-container\">\n\t\t\t    <div class=\"pxl-swiper-sliders pxl-slider-carousel pxl-slider-carousel6 pxl-parent-transition pxl-parent-cursor pxl-swiper-arrow-show \" data-view-auto=\"1\">\n        <div class=\"pxl-carousel-inner\">\n            <div class=\"pxl-swiper-container\" dir=\"ltr\" data-settings=\"{&quot;slide_direction&quot;:&quot;horizontal&quot;,&quot;slide_percolumn&quot;:&quot;1&quot;,&quot;slide_mode&quot;:&quot;slide&quot;,&quot;slides_to_show&quot;:&quot;1&quot;,&quot;slides_to_show_xxl&quot;:&quot;1&quot;,&quot;slides_to_show_lg&quot;:&quot;1&quot;,&quot;slides_to_show_md&quot;:&quot;1&quot;,&quot;slides_to_show_sm&quot;:&quot;1&quot;,&quot;slides_to_show_xs&quot;:&quot;1&quot;,&quot;slides_to_scroll&quot;:&quot;1&quot;,&quot;arrow&quot;:&quot;false&quot;,&quot;pagination&quot;:&quot;false&quot;,&quot;pagination_type&quot;:&quot;bullets&quot;,&quot;autoplay&quot;:&quot;&quot;,&quot;pause_on_hover&quot;:&quot;&quot;,&quot;pause_on_interaction&quot;:&quot;true&quot;,&quot;delay&quot;:5000,&quot;loop&quot;:&quot;false&quot;,&quot;center&quot;:&quot;false&quot;,&quot;speed&quot;:1600}\">\n                <div class=\"pxl-swiper-wrapper\">\n                                            <div class=\"pxl-swiper-slide\">\n                            <div class=\"pxl-item--inner \" data-wow-delay=\"ms\" data-wow-duration=\"1.2s\">\n                                <div class=\"pxl-item--content\">\n                                    <div class=\"content--inner\">\n                                        <div class=\"content--image\">\n                                            <img fetchpriority=\"high\" decoding=\"async\" width=\"328\" height=\"336\" src=\"https:\/\/pruebasindigo86.xyz\/alitec\/wp-content\/uploads\/2024\/09\/iconoa.png\" class=\"img1 img-light no-lazyload attachment-full\" alt=\"\" \/>                                        <\/div>\n                                        <div class=\"content--wrapper\">\n                                                                                            <h2 class=\"pxl-item--title el-empty pxl-transtion\">Hacia la autosuficiencia financiera y cobertura total.<\/h2>\n                                                                                        <div class=\"pxl-item--link\">\n                                                                                                    <span class=\"pxl-item--subtitle pxl-transtion\">Soluci\u00f3n +AGUA orienta a organismos operadores hacia autosuficiencia financiera y cobertura total mediante reingenier\u00eda organizacional. \u2014<\/span>\n                                                                                                                                                <span class=\"btn-text\">\n                                                    .                                                <\/span>\n                                                                                            <\/div>\n                                        <\/div>\n                                        <span class=\"content--line pxl-transtion\"><\/span>\n                                    <\/div>\n                                <\/div>\n                            <\/div>\n                        <\/div>\n                                    <\/div>\n            <\/div>\n                                <\/div>\n    <\/div>\n\t\t<\/div>\n\t\t\t\t<\/div>\n\t\t            <\/div>\r\n        <\/div>\r\n        \t\t\t<\/div>\n\t\t<\/section>\n\t\t        <section class=\"elementor-section elementor-top-section elementor-element elementor-element-59ff392 elementor-section-boxed elementor-section-height-default elementor-section-height-default pxl-row-scroll-none pxl-show-grid-none pxl-section-bg-none pxl-section-grid-bg-false\" data-id=\"59ff392\" data-element_type=\"section\">\n\n                \n                <div class=\"elementor-container elementor-column-gap-default \">\n                <div class=\"elementor-column elementor-col-100 elementor-top-column elementor-element elementor-element-1a5f578 pxl-column-none\" data-id=\"1a5f578\" data-element_type=\"column\">\r\n        <div class=\"elementor-widget-wrap elementor-element-populated\">\r\n                     \r\n        \t\t<div class=\"elementor-element elementor-element-f32e72a elementor-widget__width-initial elementor-hidden-mobile elementor-widget elementor-widget-pxl_image\" data-id=\"f32e72a\" data-element_type=\"widget\" data-widget_type=\"pxl_image.default\">\n\t\t\t\t<div class=\"elementor-widget-container\">\n\t\t\t<div class=\"pxl-image-single pxl-image-single1   \" data-wow-delay=\"ms\" data-wow-duration=\"1.2s\">\r\n                        <div class=\"pxl-item--inner\">\r\n                                    <img decoding=\"async\" width=\"1629\" height=\"795\" src=\"https:\/\/pruebasindigo86.xyz\/alitec\/wp-content\/uploads\/2024\/09\/grafico-explicacion.png\" class=\"no-lazyload attachment-full\" alt=\"\" \/>                            <\/div>\r\n                <\/div>\t\t<\/div>\n\t\t\t\t<\/div>\n\t\t\t\t<div class=\"elementor-element elementor-element-9fc82d3 elementor-widget__width-initial elementor-hidden-widescreen elementor-hidden-desktop elementor-hidden-tablet elementor-widget elementor-widget-pxl_image\" data-id=\"9fc82d3\" data-element_type=\"widget\" data-widget_type=\"pxl_image.default\">\n\t\t\t\t<div class=\"elementor-widget-container\">\n\t\t\t<div class=\"pxl-image-single pxl-image-single1   \" data-wow-delay=\"ms\" data-wow-duration=\"1.2s\">\r\n                        <div class=\"pxl-item--inner\">\r\n                                    <img decoding=\"async\" width=\"768\" height=\"1151\" src=\"https:\/\/pruebasindigo86.xyz\/alitec\/wp-content\/uploads\/2024\/09\/graficovertical.png\" class=\"no-lazyload attachment-full\" alt=\"\" \/>                            <\/div>\r\n                <\/div>\t\t<\/div>\n\t\t\t\t<\/div>\n\t\t            <\/div>\r\n        <\/div>\r\n        \t\t\t<\/div>\n\t\t<\/section>\n\t\t        <section class=\"elementor-section elementor-top-section elementor-element elementor-element-5ed1587 elementor-section-boxed elementor-section-height-default elementor-section-height-default pxl-row-scroll-none pxl-show-grid-none pxl-section-bg-none pxl-section-grid-bg-false\" data-id=\"5ed1587\" data-element_type=\"section\">\n\n                \n                <div class=\"elementor-container elementor-column-gap-default \">\n                <div class=\"elementor-column elementor-col-100 elementor-top-column elementor-element elementor-element-93aaa5e pxl-column-none\" data-id=\"93aaa5e\" data-element_type=\"column\">\r\n        <div class=\"elementor-widget-wrap elementor-element-populated\">\r\n                     \r\n        \t\t<div class=\"elementor-element elementor-element-f83a0ac elementor-widget elementor-widget-pxl_heading\" data-id=\"f83a0ac\" data-element_type=\"widget\" data-widget_type=\"pxl_heading.default\">\n\t\t\t\t<div class=\"elementor-widget-container\">\n\t\t\t<div class=\"pxl-heading  \">\n\t<div class=\"pxl-heading--inner \">\n\t\t\t\t\t<div class=\"pxl-item--subtitle \" data-wow-delay=\"ms\" data-wow-duration=\"1.2s\"><span>Soluci\u00f3n + AGUA<\/span><\/div>\n\t\t\t\t<h2 class=\"pxl-item--title style1 divider-top pxl-split-text split-in-up  \" data-wow-delay=\"ms\" data-wow-duration=\"1.2s\">\n\t\t\t\u00bfC\u00f3mo se implementa?\t\t\t\t\t<\/h2>\n\t<\/div>\n<\/div>\n\t\t<\/div>\n\t\t\t\t<\/div>\n\t\t        <section class=\"elementor-section elementor-inner-section elementor-element elementor-element-9e10823 elementor-section-height-min-height elementor-section-boxed elementor-section-height-default pxl-row-scroll-none pxl-show-grid-none pxl-section-bg-none pxl-section-grid-bg-false\" data-id=\"9e10823\" data-element_type=\"section\">\n\n                \n                <div class=\"elementor-container elementor-column-gap-default \">\n                <div class=\"elementor-column elementor-col-33 elementor-inner-column elementor-element elementor-element-8b6ac63 pxl-column-none\" data-id=\"8b6ac63\" data-element_type=\"column\">\r\n        <div class=\"elementor-widget-wrap elementor-element-populated\">\r\n                     \r\n        \t\t<div class=\"elementor-element elementor-element-d05e258 elementor-position-top elementor-position-top elementor-widget elementor-widget-image-box\" data-id=\"d05e258\" data-element_type=\"widget\" data-widget_type=\"image-box.default\">\n\t\t\t\t<div class=\"elementor-widget-container\">\n\t\t\t<style>.elementor-widget-image-box .elementor-image-box-content{width:100%}@media (min-width:768px){.elementor-widget-image-box.elementor-position-left .elementor-image-box-wrapper,.elementor-widget-image-box.elementor-position-right .elementor-image-box-wrapper{display:flex}.elementor-widget-image-box.elementor-position-right .elementor-image-box-wrapper{text-align:end;flex-direction:row-reverse}.elementor-widget-image-box.elementor-position-left .elementor-image-box-wrapper{text-align:start;flex-direction:row}.elementor-widget-image-box.elementor-position-top .elementor-image-box-img{margin:auto}.elementor-widget-image-box.elementor-vertical-align-top .elementor-image-box-wrapper{align-items:flex-start}.elementor-widget-image-box.elementor-vertical-align-middle .elementor-image-box-wrapper{align-items:center}.elementor-widget-image-box.elementor-vertical-align-bottom .elementor-image-box-wrapper{align-items:flex-end}}@media (max-width:767px){.elementor-widget-image-box .elementor-image-box-img{margin-left:auto!important;margin-right:auto!important;margin-bottom:15px}}.elementor-widget-image-box .elementor-image-box-img{display:inline-block}.elementor-widget-image-box .elementor-image-box-title a{color:inherit}.elementor-widget-image-box .elementor-image-box-wrapper{text-align:center}.elementor-widget-image-box .elementor-image-box-description{margin:0}<\/style><div class=\"elementor-image-box-wrapper\"><figure class=\"elementor-image-box-img\"><img loading=\"lazy\" decoding=\"async\" width=\"1367\" height=\"1428\" src=\"https:\/\/pruebasindigo86.xyz\/alitec\/wp-content\/uploads\/2024\/09\/Evaluacion.png\" class=\"attachment-full size-full wp-image-10275\" alt=\"\" srcset=\"https:\/\/pruebasindigo86.xyz\/alitec\/wp-content\/uploads\/2024\/09\/Evaluacion.png 1367w, https:\/\/pruebasindigo86.xyz\/alitec\/wp-content\/uploads\/2024\/09\/Evaluacion-287x300.png 287w, https:\/\/pruebasindigo86.xyz\/alitec\/wp-content\/uploads\/2024\/09\/Evaluacion-980x1024.png 980w, https:\/\/pruebasindigo86.xyz\/alitec\/wp-content\/uploads\/2024\/09\/Evaluacion-768x802.png 768w, https:\/\/pruebasindigo86.xyz\/alitec\/wp-content\/uploads\/2024\/09\/Evaluacion-680x710.png 680w\" sizes=\"(max-width: 1367px) 100vw, 1367px\" \/><\/figure><div class=\"elementor-image-box-content\"><h3 class=\"elementor-image-box-title\">DISE\u00d1O DE LA REINGENIER\u00cdA DE LA ESTRUCTURA ORGANIZACIONAL POR PROCESOS<\/h3><p class=\"elementor-image-box-description\">Se dise\u00f1an instrumentos jur\u00eddicos-administrativos para desarrollar el marco reglamentario y la planeaci\u00f3n administrativa, estrat\u00e9gica y financiera.<\/p><\/div><\/div>\t\t<\/div>\n\t\t\t\t<\/div>\n\t\t            <\/div>\r\n        <\/div>\r\n                <div class=\"elementor-column elementor-col-33 elementor-inner-column elementor-element elementor-element-d8596f0 pxl-column-none\" data-id=\"d8596f0\" data-element_type=\"column\">\r\n        <div class=\"elementor-widget-wrap elementor-element-populated\">\r\n                     \r\n        \t\t<div class=\"elementor-element elementor-element-8746c71 elementor-widget__width-initial elementor-position-top elementor-widget elementor-widget-image-box\" data-id=\"8746c71\" data-element_type=\"widget\" data-widget_type=\"image-box.default\">\n\t\t\t\t<div class=\"elementor-widget-container\">\n\t\t\t<div class=\"elementor-image-box-wrapper\"><figure class=\"elementor-image-box-img\"><img loading=\"lazy\" decoding=\"async\" width=\"1367\" height=\"1428\" src=\"https:\/\/pruebasindigo86.xyz\/alitec\/wp-content\/uploads\/2024\/09\/SolucionAgua.png\" class=\"attachment-full size-full wp-image-10276\" alt=\"\" srcset=\"https:\/\/pruebasindigo86.xyz\/alitec\/wp-content\/uploads\/2024\/09\/SolucionAgua.png 1367w, https:\/\/pruebasindigo86.xyz\/alitec\/wp-content\/uploads\/2024\/09\/SolucionAgua-287x300.png 287w, https:\/\/pruebasindigo86.xyz\/alitec\/wp-content\/uploads\/2024\/09\/SolucionAgua-980x1024.png 980w, https:\/\/pruebasindigo86.xyz\/alitec\/wp-content\/uploads\/2024\/09\/SolucionAgua-768x802.png 768w, https:\/\/pruebasindigo86.xyz\/alitec\/wp-content\/uploads\/2024\/09\/SolucionAgua-680x710.png 680w\" sizes=\"(max-width: 1367px) 100vw, 1367px\" \/><\/figure><div class=\"elementor-image-box-content\"><h3 class=\"elementor-image-box-title\">PROPUESTAS DE ADECUACI\u00d3N AL MARCO REGLAMENTARIO INTERNO<\/h3><p class=\"elementor-image-box-description\">Se desarrollan reglamentos internos para formalizar la nueva estructura organizacional, incluyendo decreto de creaci\u00f3n, estatuto org\u00e1nico, y reglamento interior de trabajo.<\/p><\/div><\/div>\t\t<\/div>\n\t\t\t\t<\/div>\n\t\t            <\/div>\r\n        <\/div>\r\n                <div class=\"elementor-column elementor-col-33 elementor-inner-column elementor-element elementor-element-62bcda7 pxl-column-none\" data-id=\"62bcda7\" data-element_type=\"column\">\r\n        <div class=\"elementor-widget-wrap elementor-element-populated\">\r\n                     \r\n        \t\t<div class=\"elementor-element elementor-element-bc9dc0b elementor-position-top elementor-widget elementor-widget-image-box\" data-id=\"bc9dc0b\" data-element_type=\"widget\" data-widget_type=\"image-box.default\">\n\t\t\t\t<div class=\"elementor-widget-container\">\n\t\t\t<div class=\"elementor-image-box-wrapper\"><figure class=\"elementor-image-box-img\"><img loading=\"lazy\" decoding=\"async\" width=\"1367\" height=\"1428\" src=\"https:\/\/pruebasindigo86.xyz\/alitec\/wp-content\/uploads\/2024\/09\/EficienciaFisica.png\" class=\"attachment-full size-full wp-image-10274\" alt=\"\" srcset=\"https:\/\/pruebasindigo86.xyz\/alitec\/wp-content\/uploads\/2024\/09\/EficienciaFisica.png 1367w, https:\/\/pruebasindigo86.xyz\/alitec\/wp-content\/uploads\/2024\/09\/EficienciaFisica-287x300.png 287w, https:\/\/pruebasindigo86.xyz\/alitec\/wp-content\/uploads\/2024\/09\/EficienciaFisica-980x1024.png 980w, https:\/\/pruebasindigo86.xyz\/alitec\/wp-content\/uploads\/2024\/09\/EficienciaFisica-768x802.png 768w, https:\/\/pruebasindigo86.xyz\/alitec\/wp-content\/uploads\/2024\/09\/EficienciaFisica-680x710.png 680w\" sizes=\"(max-width: 1367px) 100vw, 1367px\" \/><\/figure><div class=\"elementor-image-box-content\"><h3 class=\"elementor-image-box-title\">PLANEACI\u00d3N ADMINISTRATIVA<\/h3><p class=\"elementor-image-box-description\">Dise\u00f1amos instrumentos para regular la operaci\u00f3n y satisfacer requerimientos internos y externos, como el manual de organizaci\u00f3n, certificaci\u00f3n de competencias, y dise\u00f1o del catastro comercial.<\/p><\/div><\/div>\t\t<\/div>\n\t\t\t\t<\/div>\n\t\t            <\/div>\r\n        <\/div>\r\n        \t\t\t<\/div>\n\t\t<\/section>\n\t\t        <section class=\"elementor-section elementor-inner-section elementor-element elementor-element-9af4cf8 elementor-section-height-min-height elementor-section-boxed elementor-section-height-default pxl-row-scroll-none pxl-show-grid-none pxl-section-bg-none pxl-section-grid-bg-false\" data-id=\"9af4cf8\" data-element_type=\"section\">\n\n                \n                <div class=\"elementor-container elementor-column-gap-default \">\n                <div class=\"elementor-column elementor-col-33 elementor-inner-column elementor-element elementor-element-44e20a2 pxl-column-none\" data-id=\"44e20a2\" data-element_type=\"column\">\r\n        <div class=\"elementor-widget-wrap elementor-element-populated\">\r\n                     \r\n        \t\t<div class=\"elementor-element elementor-element-b9eecac elementor-position-top elementor-widget__width-initial elementor-position-top elementor-widget elementor-widget-image-box\" data-id=\"b9eecac\" data-element_type=\"widget\" data-widget_type=\"image-box.default\">\n\t\t\t\t<div class=\"elementor-widget-container\">\n\t\t\t<div class=\"elementor-image-box-wrapper\"><figure class=\"elementor-image-box-img\"><img loading=\"lazy\" decoding=\"async\" width=\"1367\" height=\"1428\" src=\"https:\/\/pruebasindigo86.xyz\/alitec\/wp-content\/uploads\/2024\/09\/Evaluacion.png\" class=\"attachment-full size-full wp-image-10275\" alt=\"\" srcset=\"https:\/\/pruebasindigo86.xyz\/alitec\/wp-content\/uploads\/2024\/09\/Evaluacion.png 1367w, https:\/\/pruebasindigo86.xyz\/alitec\/wp-content\/uploads\/2024\/09\/Evaluacion-287x300.png 287w, https:\/\/pruebasindigo86.xyz\/alitec\/wp-content\/uploads\/2024\/09\/Evaluacion-980x1024.png 980w, https:\/\/pruebasindigo86.xyz\/alitec\/wp-content\/uploads\/2024\/09\/Evaluacion-768x802.png 768w, https:\/\/pruebasindigo86.xyz\/alitec\/wp-content\/uploads\/2024\/09\/Evaluacion-680x710.png 680w\" sizes=\"(max-width: 1367px) 100vw, 1367px\" \/><\/figure><div class=\"elementor-image-box-content\"><h3 class=\"elementor-image-box-title\">PLANEACI\u00d3N ESTRAT\u00c9GICA<\/h3><p class=\"elementor-image-box-description\">Se desarrollan instrumentos para evaluar el desempe\u00f1o por proceso y elaborar un programa de inversi\u00f3n a corto, mediano y largo plazo para eliminar brechas de desempe\u00f1o.<\/p><\/div><\/div>\t\t<\/div>\n\t\t\t\t<\/div>\n\t\t            <\/div>\r\n        <\/div>\r\n                <div class=\"elementor-column elementor-col-33 elementor-inner-column elementor-element elementor-element-a84f2ca pxl-column-none\" data-id=\"a84f2ca\" data-element_type=\"column\">\r\n        <div class=\"elementor-widget-wrap elementor-element-populated\">\r\n                     \r\n        \t\t<div class=\"elementor-element elementor-element-2df7de7 elementor-position-top elementor-widget elementor-widget-image-box\" data-id=\"2df7de7\" data-element_type=\"widget\" data-widget_type=\"image-box.default\">\n\t\t\t\t<div class=\"elementor-widget-container\">\n\t\t\t<div class=\"elementor-image-box-wrapper\"><figure class=\"elementor-image-box-img\"><img loading=\"lazy\" decoding=\"async\" width=\"1367\" height=\"1428\" src=\"https:\/\/pruebasindigo86.xyz\/alitec\/wp-content\/uploads\/2024\/09\/SolucionAgua.png\" class=\"attachment-full size-full wp-image-10276\" alt=\"\" srcset=\"https:\/\/pruebasindigo86.xyz\/alitec\/wp-content\/uploads\/2024\/09\/SolucionAgua.png 1367w, https:\/\/pruebasindigo86.xyz\/alitec\/wp-content\/uploads\/2024\/09\/SolucionAgua-287x300.png 287w, https:\/\/pruebasindigo86.xyz\/alitec\/wp-content\/uploads\/2024\/09\/SolucionAgua-980x1024.png 980w, https:\/\/pruebasindigo86.xyz\/alitec\/wp-content\/uploads\/2024\/09\/SolucionAgua-768x802.png 768w, https:\/\/pruebasindigo86.xyz\/alitec\/wp-content\/uploads\/2024\/09\/SolucionAgua-680x710.png 680w\" sizes=\"(max-width: 1367px) 100vw, 1367px\" \/><\/figure><div class=\"elementor-image-box-content\"><h3 class=\"elementor-image-box-title\">PLANEACI\u00d3N FINANCIERA<\/h3><p class=\"elementor-image-box-description\">Se proyectan ingresos y gestionan recursos financieros para ejecutar el programa estrat\u00e9gico, elaborando pol\u00edticas tarifarias y alternativas de financiamiento<\/p><\/div><\/div>\t\t<\/div>\n\t\t\t\t<\/div>\n\t\t            <\/div>\r\n        <\/div>\r\n                <div class=\"elementor-column elementor-col-33 elementor-inner-column elementor-element elementor-element-c4cee88 pxl-column-none\" data-id=\"c4cee88\" data-element_type=\"column\">\r\n        <div class=\"elementor-widget-wrap elementor-element-populated\">\r\n                     \r\n        \t\t<div class=\"elementor-element elementor-element-80d822d elementor-widget__width-initial elementor-position-top elementor-widget elementor-widget-image-box\" data-id=\"80d822d\" data-element_type=\"widget\" data-widget_type=\"image-box.default\">\n\t\t\t\t<div class=\"elementor-widget-container\">\n\t\t\t<div class=\"elementor-image-box-wrapper\"><figure class=\"elementor-image-box-img\"><img loading=\"lazy\" decoding=\"async\" width=\"1367\" height=\"1428\" src=\"https:\/\/pruebasindigo86.xyz\/alitec\/wp-content\/uploads\/2024\/09\/EficienciaFisica.png\" class=\"attachment-full size-full wp-image-10274\" alt=\"\" srcset=\"https:\/\/pruebasindigo86.xyz\/alitec\/wp-content\/uploads\/2024\/09\/EficienciaFisica.png 1367w, https:\/\/pruebasindigo86.xyz\/alitec\/wp-content\/uploads\/2024\/09\/EficienciaFisica-287x300.png 287w, https:\/\/pruebasindigo86.xyz\/alitec\/wp-content\/uploads\/2024\/09\/EficienciaFisica-980x1024.png 980w, https:\/\/pruebasindigo86.xyz\/alitec\/wp-content\/uploads\/2024\/09\/EficienciaFisica-768x802.png 768w, https:\/\/pruebasindigo86.xyz\/alitec\/wp-content\/uploads\/2024\/09\/EficienciaFisica-680x710.png 680w\" sizes=\"(max-width: 1367px) 100vw, 1367px\" \/><\/figure><div class=\"elementor-image-box-content\"><h3 class=\"elementor-image-box-title\">IMPLEMENTACI\u00d3N DE LA REINGENIER\u00cdA<\/h3><p class=\"elementor-image-box-description\">Se instala la nueva estructura organizacional mediante la implementaci\u00f3n del ERP +AGUA, adaptando el sistema a las necesidades del organismo.<\/p><\/div><\/div>\t\t<\/div>\n\t\t\t\t<\/div>\n\t\t            <\/div>\r\n        <\/div>\r\n        \t\t\t<\/div>\n\t\t<\/section>\n\t\t            <\/div>\r\n        <\/div>\r\n        \t\t\t<\/div>\n\t\t<\/section>\n\t\t        <section class=\"elementor-section elementor-top-section elementor-element elementor-element-bb3fe82 elementor-section-boxed elementor-section-height-default elementor-section-height-default pxl-row-scroll-none pxl-show-grid-none pxl-section-bg-none pxl-section-grid-bg-false\" data-id=\"bb3fe82\" data-element_type=\"section\">\n\n                \n                <div class=\"elementor-container elementor-column-gap-default \">\n                <div class=\"elementor-column elementor-col-100 elementor-top-column elementor-element elementor-element-6c936ab pxl-column-none\" data-id=\"6c936ab\" data-element_type=\"column\">\r\n        <div class=\"elementor-widget-wrap elementor-element-populated\">\r\n                     \r\n        \t\t<div class=\"elementor-element elementor-element-9e9c895 elementor-widget elementor-widget-spacer\" data-id=\"9e9c895\" data-element_type=\"widget\" data-widget_type=\"spacer.default\">\n\t\t\t\t<div class=\"elementor-widget-container\">\n\t\t\t<style>\/*! elementor - v3.22.0 - 26-06-2024 *\/\n.elementor-column .elementor-spacer-inner{height:var(--spacer-size)}.e-con{--container-widget-width:100%}.e-con-inner>.elementor-widget-spacer,.e-con>.elementor-widget-spacer{width:var(--container-widget-width,var(--spacer-size));--align-self:var(--container-widget-align-self,initial);--flex-shrink:0}.e-con-inner>.elementor-widget-spacer>.elementor-widget-container,.e-con>.elementor-widget-spacer>.elementor-widget-container{height:100%;width:100%}.e-con-inner>.elementor-widget-spacer>.elementor-widget-container>.elementor-spacer,.e-con>.elementor-widget-spacer>.elementor-widget-container>.elementor-spacer{height:100%}.e-con-inner>.elementor-widget-spacer>.elementor-widget-container>.elementor-spacer>.elementor-spacer-inner,.e-con>.elementor-widget-spacer>.elementor-widget-container>.elementor-spacer>.elementor-spacer-inner{height:var(--container-widget-height,var(--spacer-size))}.e-con-inner>.elementor-widget-spacer.elementor-widget-empty,.e-con>.elementor-widget-spacer.elementor-widget-empty{position:relative;min-height:22px;min-width:22px}.e-con-inner>.elementor-widget-spacer.elementor-widget-empty .elementor-widget-empty-icon,.e-con>.elementor-widget-spacer.elementor-widget-empty .elementor-widget-empty-icon{position:absolute;top:0;bottom:0;left:0;right:0;margin:auto;padding:0;width:22px;height:22px}<\/style>\t\t<div class=\"elementor-spacer\">\n\t\t\t<div class=\"elementor-spacer-inner\"><\/div>\n\t\t<\/div>\n\t\t\t\t<\/div>\n\t\t\t\t<\/div>\n\t\t            <\/div>\r\n        <\/div>\r\n        \t\t\t<\/div>\n\t\t<\/section>\n\t\t\t\t<\/div>\n\t\t","protected":false},"excerpt":{"rendered":"<p>Hacia la autosuficiencia financiera y cobertura total. Soluci\u00f3n +AGUA orienta a organismos operadores hacia autosuficiencia financiera y cobertura total mediante reingenier\u00eda organizacional. \u2014 . Soluci\u00f3n + AGUA \u00bfC\u00f3mo se implementa? DISE\u00d1O DE LA REINGENIER\u00cdA DE LA ESTRUCTURA ORGANIZACIONAL POR PROCESOS Se dise\u00f1an instrumentos jur\u00eddicos-administrativos para desarrollar el marco reglamentario y la planeaci\u00f3n administrativa, estrat\u00e9gica y [&hellip;]<\/p>\n","protected":false},"author":1,"featured_media":0,"parent":0,"menu_order":0,"comment_status":"closed","ping_status":"closed","template":"","meta":{"footnotes":""},"class_list":["post-173","page","type-page","status-publish","hentry"],"_links":{"self":[{"href":"https:\/\/pruebasindigo86.xyz\/alitec\/wp-json\/wp\/v2\/pages\/173","targetHints":{"allow":["GET"]}}],"collection":[{"href":"https:\/\/pruebasindigo86.xyz\/alitec\/wp-json\/wp\/v2\/pages"}],"about":[{"href":"https:\/\/pruebasindigo86.xyz\/alitec\/wp-json\/wp\/v2\/types\/page"}],"author":[{"embeddable":true,"href":"https:\/\/pruebasindigo86.xyz\/alitec\/wp-json\/wp\/v2\/users\/1"}],"replies":[{"embeddable":true,"href":"https:\/\/pruebasindigo86.xyz\/alitec\/wp-json\/wp\/v2\/comments?post=173"}],"version-history":[{"count":53,"href":"https:\/\/pruebasindigo86.xyz\/alitec\/wp-json\/wp\/v2\/pages\/173\/revisions"}],"predecessor-version":[{"id":10568,"href":"https:\/\/pruebasindigo86.xyz\/alitec\/wp-json\/wp\/v2\/pages\/173\/revisions\/10568"}],"wp:attachment":[{"href":"https:\/\/pruebasindigo86.xyz\/alitec\/wp-json\/wp\/v2\/media?parent=173"}],"curies":[{"name":"wp","href":"https:\/\/api.w.org\/{rel}","templated":true}]}}