{"id":498,"date":"2023-04-12T08:52:46","date_gmt":"2023-04-12T08:52:46","guid":{"rendered":"http:\/\/localhost\/mrittik\/?page_id=498"},"modified":"2024-09-11T06:12:35","modified_gmt":"2024-09-11T06:12:35","slug":"sobre-alitec","status":"publish","type":"page","link":"https:\/\/pruebasindigo86.xyz\/alitec\/sobre-alitec\/","title":{"rendered":"Sobre Alitec"},"content":{"rendered":"\t\t<div data-elementor-type=\"wp-page\" data-elementor-id=\"498\" class=\"elementor elementor-498\" data-elementor-post-type=\"page\">\n\t\t\t\t        <section class=\"elementor-section elementor-top-section elementor-element elementor-element-a856b0c elementor-section-boxed elementor-section-height-default elementor-section-height-default pxl-row-scroll-none pxl-show-grid-none pxl-section-bg-none pxl-section-grid-bg-false\" data-id=\"a856b0c\" data-element_type=\"section\">\n\n                \n                <div class=\"elementor-container elementor-column-gap-default \">\n                <div class=\"elementor-column elementor-col-100 elementor-top-column elementor-element elementor-element-659444f pxl-column-none\" data-id=\"659444f\" data-element_type=\"column\">\r\n        <div class=\"elementor-widget-wrap elementor-element-populated\">\r\n                     \r\n        \t\t<div class=\"elementor-element elementor-element-fe0b0e2 elementor-widget elementor-widget-pxl_heading\" data-id=\"fe0b0e2\" data-element_type=\"widget\" data-widget_type=\"pxl_heading.default\">\n\t\t\t\t<div class=\"elementor-widget-container\">\n\t\t\t<div class=\"pxl-heading  \">\n\t<div class=\"pxl-heading--inner \">\n\t\t\t\t<h1 class=\"pxl-item--title style1 divider-none   \" data-wow-delay=\"ms\" data-wow-duration=\"1.2s\">\n\t\t\tSOBRE ALITEC\t\t\t\t\t<\/h1>\n\t<\/div>\n<\/div>\n\t\t<\/div>\n\t\t\t\t<\/div>\n\t\t\t\t<div class=\"elementor-element elementor-element-b65d4e8 elementor-widget elementor-widget-pxl_heading\" data-id=\"b65d4e8\" data-element_type=\"widget\" data-widget_type=\"pxl_heading.default\">\n\t\t\t\t<div class=\"elementor-widget-container\">\n\t\t\t<div class=\"pxl-heading  \">\n\t<div class=\"pxl-heading--inner \">\n\t\t\t\t\t<div class=\"pxl-item--subtitle \" data-wow-delay=\"ms\" data-wow-duration=\"1.2s\"><span>NUESTRO COMPROMISO<\/span><\/div>\n\t\t\t\t<h2 class=\"pxl-item--title style1 divider-none   \" data-wow-delay=\"ms\" data-wow-duration=\"1.2s\">\n\t\t\tSer un aliado estrat\u00e9gico en la transformaci\u00f3n del sector h\u00eddrico en M\u00e9xico.\t\t\t\t\t<\/h2>\n\t<\/div>\n<\/div>\n\t\t<\/div>\n\t\t\t\t<\/div>\n\t\t\t\t<div class=\"elementor-element elementor-element-efed0f7 elementor-widget elementor-widget-pxl_image\" data-id=\"efed0f7\" data-element_type=\"widget\" data-widget_type=\"pxl_image.default\">\n\t\t\t\t<div class=\"elementor-widget-container\">\n\t\t\t<div class=\"pxl-image-single pxl-image-single1   \" data-wow-delay=\"ms\" data-wow-duration=\"1.2s\">\r\n                        <div class=\"pxl-item--inner\">\r\n                                    <img fetchpriority=\"high\" decoding=\"async\" width=\"1024\" height=\"576\" src=\"https:\/\/pruebasindigo86.xyz\/alitec\/wp-content\/uploads\/2024\/08\/descarga-1024x576.webp\" class=\"no-lazyload attachment-large\" alt=\"\" \/>                            <\/div>\r\n                <\/div>\t\t<\/div>\n\t\t\t\t<\/div>\n\t\t        <section class=\"elementor-section elementor-inner-section elementor-element elementor-element-c25a51e elementor-section-boxed elementor-section-height-default elementor-section-height-default pxl-row-scroll-none pxl-show-grid-none pxl-section-bg-none pxl-section-grid-bg-false\" data-id=\"c25a51e\" data-element_type=\"section\">\n\n                \n                <div class=\"elementor-container elementor-column-gap-no \">\n                <div class=\"elementor-column elementor-col-50 elementor-inner-column elementor-element elementor-element-ecbff8c pxl-column-none\" data-id=\"ecbff8c\" data-element_type=\"column\">\r\n        <div class=\"elementor-widget-wrap elementor-element-populated\">\r\n                     \r\n        \t\t<div class=\"elementor-element elementor-element-55376d7 elementor-widget elementor-widget-pxl_heading\" data-id=\"55376d7\" data-element_type=\"widget\" data-widget_type=\"pxl_heading.default\">\n\t\t\t\t<div class=\"elementor-widget-container\">\n\t\t\t<div class=\"pxl-heading  \">\n\t<div class=\"pxl-heading--inner \">\n\t\t\t\t<h3 class=\"pxl-item--title style1 divider-bottom pxl-split-text split-in-right  \" data-wow-delay=\"ms\" data-wow-duration=\"1.2s\">\n\t\t\tCOMPROMISO CON LA GESTION HIDRICA\t\t\t\t\t<\/h3>\n\t<\/div>\n<\/div>\n\t\t<\/div>\n\t\t\t\t<\/div>\n\t\t            <\/div>\r\n        <\/div>\r\n                <div class=\"elementor-column elementor-col-50 elementor-inner-column elementor-element elementor-element-e1663ee pxl-column-none\" data-id=\"e1663ee\" data-element_type=\"column\">\r\n        <div class=\"elementor-widget-wrap elementor-element-populated\">\r\n                     \r\n        \t\t<div class=\"elementor-element elementor-element-43f05d3 elementor-widget elementor-widget-pxl_text_editor\" data-id=\"43f05d3\" data-element_type=\"widget\" data-widget_type=\"pxl_text_editor.default\">\n\t\t\t\t<div class=\"elementor-widget-container\">\n\t\t\t<div class=\"pxl-text-editor \" data-wow-delay=\"ms\" data-wow-duration=\"1.2s\">\n\t<div class=\"pxl-item--inner    \">\n\t\t<p><span style=\"font-weight: 400\">ALITEC es una empresa especializada en brindar soluciones tecnol\u00f3gicas y de gesti\u00f3n para mejorar la eficiencia de organismos operadores del agua en M\u00e9xico.<\/span><\/p><p><span style=\"font-weight: 400\">Nuestro objetivo es ayudar a los organismos operadores a alcanzar la autosuficiencia financiera y mejorar la calidad del servicio que brindan a la comunidad, promoviendo un uso responsable del agua. <\/span><\/p>\t<\/div>\n<\/div>\n\t\t<\/div>\n\t\t\t\t<\/div>\n\t\t            <\/div>\r\n        <\/div>\r\n        \t\t\t<\/div>\n\t\t<\/section>\n\t\t\t\t<div class=\"elementor-element elementor-element-7c5820f elementor-widget elementor-widget-pxl_video_player\" data-id=\"7c5820f\" data-element_type=\"widget\" data-widget_type=\"pxl_video_player.default\">\n\t\t\t\t<div class=\"elementor-widget-container\">\n\t\t\t<div class=\"pxl-video-player pxl-video-player1 style1 \" data-wow-delay=\"ms\" data-wow-duration=\"1.2s\">\r\n    <div class=\"pxl-video--inner\">\r\n                    <div class=\"pxl-video--holder\">\r\n                                    <img decoding=\"async\" width=\"1600\" height=\"899\" src=\"https:\/\/pruebasindigo86.xyz\/alitec\/wp-content\/uploads\/2024\/08\/WhatsApp-Image-2024-08-27-at-7.17.18-PM.jpeg\" class=\"attachment-full\" alt=\"\" \/>                            <\/div>\r\n                            <div class=\"btn-video-wrap p-center\">\r\n                                    <h2 class=\"pxl-item--title el-empty\">ALITEC: Programa + Agua<\/h2>\r\n                                <a class=\"btn-video style1\" href=\"https:\/\/www.youtube.com\/watch?v=DWaVw-8OKg4\">\r\n                    <i class=\"bi bi-play-fill\"><\/i>\r\n                <\/a>\r\n            <\/div>\r\n            <\/div>\r\n<\/div>\t\t<\/div>\n\t\t\t\t<\/div>\n\t\t            <\/div>\r\n        <\/div>\r\n        \t\t\t<\/div>\n\t\t<\/section>\n\t\t        <section class=\"elementor-section elementor-top-section elementor-element elementor-element-c41d916 pxl-section-bg-normal elementor-section-boxed elementor-section-height-default elementor-section-height-default pxl-row-scroll-none pxl-show-grid-none pxl-section-grid-bg-false\" data-id=\"c41d916\" data-element_type=\"section\">\n\n                \n                <div class=\"elementor-container elementor-column-gap-default \">\n                <div class=\"elementor-column elementor-col-100 elementor-top-column elementor-element elementor-element-e4d256b pxl-column-none\" data-id=\"e4d256b\" data-element_type=\"column\">\r\n        <div class=\"elementor-widget-wrap elementor-element-populated\">\r\n                     \r\n        \t\t<div class=\"elementor-element elementor-element-d52aa55 elementor-widget elementor-widget-pxl_heading\" data-id=\"d52aa55\" data-element_type=\"widget\" data-widget_type=\"pxl_heading.default\">\n\t\t\t\t<div class=\"elementor-widget-container\">\n\t\t\t<div class=\"pxl-heading  \">\n\t<div class=\"pxl-heading--inner \">\n\t\t\t\t\t<div class=\"pxl-item--subtitle \" data-wow-delay=\"ms\" data-wow-duration=\"1.2s\"><span>Priorizamos la sostenibilidad y el uso responsable de este recurso vital, esencial para enfrentar los desaf\u00edos globales y asegurar un futuro mejor para todos.\n<\/span><\/div>\n\t\t\t\t<h4 class=\"pxl-item--title style1 divider-none   \" data-wow-delay=\"ms\" data-wow-duration=\"1.2s\">\n\t\t\tContribuimos a la eficiencia en la gesti\u00f3n del agua.\t\t\t\t\t<\/h4>\n\t<\/div>\n<\/div>\n\t\t<\/div>\n\t\t\t\t<\/div>\n\t\t            <\/div>\r\n        <\/div>\r\n        \t\t\t<\/div>\n\t\t<\/section>\n\t\t        <section class=\"elementor-section elementor-top-section elementor-element elementor-element-281e0dc pxl-section-bg-normal elementor-section-boxed elementor-section-height-default elementor-section-height-default pxl-row-scroll-none pxl-show-grid-none pxl-section-grid-bg-false\" data-id=\"281e0dc\" data-element_type=\"section\">\n\n                \n                <div class=\"elementor-container elementor-column-gap-default \">\n                <div class=\"elementor-column elementor-col-100 elementor-top-column elementor-element elementor-element-eb65b7e pxl-column-none\" data-id=\"eb65b7e\" data-element_type=\"column\">\r\n        <div class=\"elementor-widget-wrap elementor-element-populated\">\r\n                     \r\n        \t\t<div class=\"elementor-element elementor-element-bed5d25 elementor-widget elementor-widget-pxl_heading\" data-id=\"bed5d25\" data-element_type=\"widget\" data-widget_type=\"pxl_heading.default\">\n\t\t\t\t<div class=\"elementor-widget-container\">\n\t\t\t<div class=\"pxl-heading  \">\n\t<div class=\"pxl-heading--inner \">\n\t\t\t\t<h2 class=\"pxl-item--title style1 divider-none   \" data-wow-delay=\"ms\" data-wow-duration=\"1.2s\">\n\t\t\tNuestros Aliados\t\t\t\t\t<\/h2>\n\t<\/div>\n<\/div>\n\t\t<\/div>\n\t\t\t\t<\/div>\n\t\t\t\t<div class=\"elementor-element elementor-element-c18703e elementor-widget elementor-widget-pxl_partner_grid\" data-id=\"c18703e\" data-element_type=\"widget\" data-widget_type=\"pxl_partner_grid.default\">\n\t\t\t\t<div class=\"elementor-widget-container\">\n\t\t\t    <div class=\"pxl-grid pxl-partner pxl-partner1\" data-layout=\"fitRows\">\r\n        <div class=\"pxl-grid-inner pxl-grid-masonry row\" data-gutter=\"15\">\r\n            <div class=\"grid-sizer col-xl-3 col-lg-3 col-md-3 col-sm-6 col-6\"><\/div>\r\n                            <div class=\"pxl-grid-item col-xl-3 col-lg-3 col-md-3 col-sm-6 col-6\">\r\n                    <div class=\"pxl-item--inner wow zoomIn\" data-wow-delay=\"ms\" data-wow-duration=\"1.2s\">\r\n                        <div class=\"pxl-item--image\">\r\n                            <a href=\"http:\/\/www.grupofox.com\/\">                                <img decoding=\"async\" width=\"350\" height=\"250\" src=\"https:\/\/pruebasindigo86.xyz\/alitec\/wp-content\/uploads\/2024\/09\/Proyecto-nuevo-4.png\" class=\"image-light no-lazyload attachment-full\" alt=\"\" \/>                                                                <img loading=\"lazy\" decoding=\"async\" width=\"350\" height=\"250\" src=\"https:\/\/pruebasindigo86.xyz\/alitec\/wp-content\/uploads\/2024\/09\/Proyecto-nuevo-4.png\" class=\"image-dark no-lazyload attachment-full\" alt=\"\" \/>                                                                                            <\/a>                        <\/div>\r\n                   <\/div>\r\n                <\/div>\r\n                            <div class=\"pxl-grid-item col-xl-3 col-lg-3 col-md-3 col-sm-6 col-6\">\r\n                    <div class=\"pxl-item--inner wow zoomIn\" data-wow-delay=\"ms\" data-wow-duration=\"1.2s\">\r\n                        <div class=\"pxl-item--image\">\r\n                            <a href=\"http:\/\/www.hacienda1800.com\/\">                                <img loading=\"lazy\" decoding=\"async\" width=\"350\" height=\"250\" src=\"https:\/\/pruebasindigo86.xyz\/alitec\/wp-content\/uploads\/2024\/09\/aliado.png\" class=\"image-light no-lazyload attachment-full\" alt=\"\" \/>                                                                <img loading=\"lazy\" decoding=\"async\" width=\"350\" height=\"250\" src=\"https:\/\/pruebasindigo86.xyz\/alitec\/wp-content\/uploads\/2024\/09\/aliado.png\" class=\"image-dark no-lazyload attachment-full\" alt=\"\" \/>                                                                                            <\/a>                        <\/div>\r\n                   <\/div>\r\n                <\/div>\r\n                            <div class=\"pxl-grid-item col-xl-3 col-lg-3 col-md-3 col-sm-6 col-6\">\r\n                    <div class=\"pxl-item--inner wow zoomIn\" data-wow-delay=\"ms\" data-wow-duration=\"1.2s\">\r\n                        <div class=\"pxl-item--image\">\r\n                            <a href=\"http:\/\/www.liquidtek.com.mx\/\">                                <img loading=\"lazy\" decoding=\"async\" width=\"350\" height=\"250\" src=\"https:\/\/pruebasindigo86.xyz\/alitec\/wp-content\/uploads\/2024\/09\/aliado-1.png\" class=\"image-light no-lazyload attachment-full\" alt=\"\" \/>                                                                <img loading=\"lazy\" decoding=\"async\" width=\"350\" height=\"250\" src=\"https:\/\/pruebasindigo86.xyz\/alitec\/wp-content\/uploads\/2024\/09\/aliado-1.png\" class=\"image-dark no-lazyload attachment-full\" alt=\"\" \/>                                                                                            <\/a>                        <\/div>\r\n                   <\/div>\r\n                <\/div>\r\n                            <div class=\"pxl-grid-item col-xl-3 col-lg-3 col-md-3 col-sm-6 col-6\">\r\n                    <div class=\"pxl-item--inner wow zoomIn\" data-wow-delay=\"ms\" data-wow-duration=\"1.2s\">\r\n                        <div class=\"pxl-item--image\">\r\n                            <a href=\"http:\/\/www.nuuktal.net\/\">                                <img loading=\"lazy\" decoding=\"async\" width=\"350\" height=\"250\" src=\"https:\/\/pruebasindigo86.xyz\/alitec\/wp-content\/uploads\/2024\/09\/Proyecto-nuevo-3.png\" class=\"image-light no-lazyload attachment-full\" alt=\"\" \/>                                                                <img loading=\"lazy\" decoding=\"async\" width=\"350\" height=\"250\" src=\"https:\/\/pruebasindigo86.xyz\/alitec\/wp-content\/uploads\/2024\/09\/Proyecto-nuevo-3.png\" class=\"image-dark no-lazyload attachment-full\" alt=\"\" \/>                                                                                            <\/a>                        <\/div>\r\n                   <\/div>\r\n                <\/div>\r\n                    <\/div>\r\n    <\/div>\r\n\t\t<\/div>\n\t\t\t\t<\/div>\n\t\t            <\/div>\r\n        <\/div>\r\n        \t\t\t<\/div>\n\t\t<\/section>\n\t\t\t\t<\/div>\n\t\t","protected":false},"excerpt":{"rendered":"<p>SOBRE ALITEC NUESTRO COMPROMISO Ser un aliado estrat\u00e9gico en la transformaci\u00f3n del sector h\u00eddrico en M\u00e9xico. COMPROMISO CON LA GESTION HIDRICA ALITEC es una empresa especializada en brindar soluciones tecnol\u00f3gicas y de gesti\u00f3n para mejorar la eficiencia de organismos operadores del agua en M\u00e9xico. Nuestro objetivo es ayudar a los organismos operadores a alcanzar la [&hellip;]<\/p>\n","protected":false},"author":1,"featured_media":0,"parent":0,"menu_order":0,"comment_status":"closed","ping_status":"closed","template":"","meta":{"footnotes":""},"class_list":["post-498","page","type-page","status-publish","hentry"],"_links":{"self":[{"href":"https:\/\/pruebasindigo86.xyz\/alitec\/wp-json\/wp\/v2\/pages\/498","targetHints":{"allow":["GET"]}}],"collection":[{"href":"https:\/\/pruebasindigo86.xyz\/alitec\/wp-json\/wp\/v2\/pages"}],"about":[{"href":"https:\/\/pruebasindigo86.xyz\/alitec\/wp-json\/wp\/v2\/types\/page"}],"author":[{"embeddable":true,"href":"https:\/\/pruebasindigo86.xyz\/alitec\/wp-json\/wp\/v2\/users\/1"}],"replies":[{"embeddable":true,"href":"https:\/\/pruebasindigo86.xyz\/alitec\/wp-json\/wp\/v2\/comments?post=498"}],"version-history":[{"count":50,"href":"https:\/\/pruebasindigo86.xyz\/alitec\/wp-json\/wp\/v2\/pages\/498\/revisions"}],"predecessor-version":[{"id":10466,"href":"https:\/\/pruebasindigo86.xyz\/alitec\/wp-json\/wp\/v2\/pages\/498\/revisions\/10466"}],"wp:attachment":[{"href":"https:\/\/pruebasindigo86.xyz\/alitec\/wp-json\/wp\/v2\/media?parent=498"}],"curies":[{"name":"wp","href":"https:\/\/api.w.org\/{rel}","templated":true}]}}