{"id":6757,"date":"2023-07-22T03:57:09","date_gmt":"2023-07-22T03:57:09","guid":{"rendered":"http:\/\/localhost\/mrittik\/?page_id=6757"},"modified":"2024-09-10T23:00:14","modified_gmt":"2024-09-10T23:00:14","slug":"programa-agua","status":"publish","type":"page","link":"https:\/\/pruebasindigo86.xyz\/alitec\/programa-agua\/","title":{"rendered":"PROGRAMA + AGUA"},"content":{"rendered":"\t\t<div data-elementor-type=\"wp-page\" data-elementor-id=\"6757\" class=\"elementor elementor-6757\" data-elementor-post-type=\"page\">\n\t\t\t\t        <section class=\"elementor-section elementor-top-section elementor-element elementor-element-589dedf pxl-header-icon-white-darkmode pxl-section-bg-overlay elementor-section-boxed elementor-section-height-default elementor-section-height-default pxl-row-scroll-none pxl-show-grid-none pxl-section-grid-bg-false\" data-id=\"589dedf\" data-element_type=\"section\" id=\"home\">\n\n                \n                <div class=\"elementor-container elementor-column-gap-default \">\n                <div class=\"elementor-column elementor-col-100 elementor-top-column elementor-element elementor-element-4c139b96 pxl-column-none\" data-id=\"4c139b96\" data-element_type=\"column\">\r\n        <div class=\"elementor-widget-wrap elementor-element-populated\">\r\n                     \r\n        \t\t<div class=\"elementor-element elementor-element-754bdfec elementor-hidden-tablet elementor-hidden-mobile elementor-widget elementor-widget-pxl_slider_carousel\" data-id=\"754bdfec\" data-element_type=\"widget\" data-widget_type=\"pxl_slider_carousel.default\">\n\t\t\t\t<div class=\"elementor-widget-container\">\n\t\t\t    <div class=\"pxl-swiper-sliders pxl-slider-carousel pxl-slider-carousel3 pxl-parent-transition pxl-swiper-arrow-show pxl-parent-cursor pxl-drag-area \" data-view-auto=\"1\">\n        <div class=\"pxl-carousel-inner\">\n            <div class=\"pxl-swiper-container\" dir=\"ltr\" data-settings=\"{&quot;slide_direction&quot;:&quot;horizontal&quot;,&quot;slide_percolumn&quot;:&quot;1&quot;,&quot;slide_mode&quot;:&quot;slide&quot;,&quot;slides_to_show&quot;:&quot;1&quot;,&quot;slides_to_show_xxl&quot;:&quot;1&quot;,&quot;slides_to_show_lg&quot;:&quot;1&quot;,&quot;slides_to_show_md&quot;:&quot;1&quot;,&quot;slides_to_show_sm&quot;:&quot;1&quot;,&quot;slides_to_show_xs&quot;:&quot;1&quot;,&quot;slides_to_scroll&quot;:&quot;1&quot;,&quot;arrow&quot;:&quot;false&quot;,&quot;pagination&quot;:&quot;true&quot;,&quot;pagination_type&quot;:&quot;bullets&quot;,&quot;autoplay&quot;:&quot;&quot;,&quot;pause_on_hover&quot;:&quot;true&quot;,&quot;pause_on_interaction&quot;:&quot;true&quot;,&quot;delay&quot;:6000,&quot;loop&quot;:&quot;true&quot;,&quot;center&quot;:&quot;true&quot;,&quot;speed&quot;:1600}\">\n                <div class=\"pxl-swiper-wrapper\">\n                                            <div class=\"pxl-swiper-slide \">\n                            <div class=\"pxl-item--inner \" data-wow-delay=\"ms\" data-wow-duration=\"1.2s\">\n                                <div class=\"pxl-item--content\">\n                                    <div class=\"content--inner\">\n                                        <div class=\"content--wrapper\" data-parallax='{\"x\": 50}'>\n                                                                                            <h2 class=\"pxl-item--title el-empty pxl-transtion\">MEJORANDO LA EFICIENCIA DE LOS ORGANISMOS OPERADORES<\/h2>\n                                                                                        <div class=\"pxl-item--link\">\n                                                                                                    <span class=\"pxl-item--subtitle pxl-transtion\">Implementamos un programa integral que optimiza la gestion <br>de los Organismos Operadores del Agua Potable en M\u00e9xico,<br> garantizando eficiencia, sostenibilidad y calidad. \u2014<\/span>\n                                                                                                                                                <span class=\"btn-text\">\n                                                    -                                                <\/span>\n                                                                                            <\/div>\n                                        <\/div>\n                                                                                   <div class=\"mask--content\" style=\"background-image: url(https:\/\/pruebasindigo86.xyz\/alitec\/wp-content\/uploads\/2024\/08\/pexels-dkux-932320-scaled.jpg);\">\n                                                                                            A                                                                                        <\/div>\n                                                                            <\/div>\n                                <\/div>\n                           <\/div>\n                                                                                <\/div>\n                                    <\/div>\n            <\/div>\n                                        <div class=\"pxl-swiper-dots\"><\/div>\n                    <\/div>\n    <\/div>\n\t\t<\/div>\n\t\t\t\t<\/div>\n\t\t\t\t<div class=\"elementor-element elementor-element-4245da6 elementor-hidden-widescreen elementor-hidden-desktop elementor-widget elementor-widget-pxl_slider_carousel\" data-id=\"4245da6\" data-element_type=\"widget\" data-widget_type=\"pxl_slider_carousel.default\">\n\t\t\t\t<div class=\"elementor-widget-container\">\n\t\t\t    <div class=\"pxl-swiper-sliders pxl-slider-carousel pxl-slider-carousel3 pxl-parent-transition pxl-swiper-arrow-show pxl-parent-cursor pxl-drag-area \" data-view-auto=\"1\">\n        <div class=\"pxl-carousel-inner\">\n            <div class=\"pxl-swiper-container\" dir=\"ltr\" data-settings=\"{&quot;slide_direction&quot;:&quot;horizontal&quot;,&quot;slide_percolumn&quot;:&quot;1&quot;,&quot;slide_mode&quot;:&quot;slide&quot;,&quot;slides_to_show&quot;:&quot;1&quot;,&quot;slides_to_show_xxl&quot;:&quot;1&quot;,&quot;slides_to_show_lg&quot;:&quot;1&quot;,&quot;slides_to_show_md&quot;:&quot;1&quot;,&quot;slides_to_show_sm&quot;:&quot;1&quot;,&quot;slides_to_show_xs&quot;:&quot;1&quot;,&quot;slides_to_scroll&quot;:&quot;1&quot;,&quot;arrow&quot;:&quot;false&quot;,&quot;pagination&quot;:&quot;true&quot;,&quot;pagination_type&quot;:&quot;bullets&quot;,&quot;autoplay&quot;:&quot;&quot;,&quot;pause_on_hover&quot;:&quot;true&quot;,&quot;pause_on_interaction&quot;:&quot;true&quot;,&quot;delay&quot;:6000,&quot;loop&quot;:&quot;true&quot;,&quot;center&quot;:&quot;true&quot;,&quot;speed&quot;:1600}\">\n                <div class=\"pxl-swiper-wrapper\">\n                                            <div class=\"pxl-swiper-slide \">\n                            <div class=\"pxl-item--inner \" data-wow-delay=\"ms\" data-wow-duration=\"1.2s\">\n                                <div class=\"pxl-item--content\">\n                                    <div class=\"content--inner\">\n                                        <div class=\"content--wrapper\" data-parallax='{\"x\": 50}'>\n                                                                                            <h2 class=\"pxl-item--title el-empty pxl-transtion\">MEJORANDO LA EFICIENCIA DE LOS ORGANISMOS OPERADORES<\/h2>\n                                                                                        <div class=\"pxl-item--link\">\n                                                                                                    <span class=\"pxl-item--subtitle pxl-transtion\">Implementamos un programa integral que optimiza la gestion de los Organismos Operadores del Agua Potable en M\u00e9xico, garantizando eficiencia, sostenibilidad y calidad. \u2014<\/span>\n                                                                                                                                                <span class=\"btn-text\">\n                                                    -                                                <\/span>\n                                                                                            <\/div>\n                                        <\/div>\n                                                                                   <div class=\"mask--content\" style=\"background-image: url(https:\/\/pruebasindigo86.xyz\/alitec\/wp-content\/uploads\/2024\/08\/pexels-dkux-932320-scaled.jpg);\">\n                                                                                            A                                                                                        <\/div>\n                                                                            <\/div>\n                                <\/div>\n                           <\/div>\n                                                                                <\/div>\n                                    <\/div>\n            <\/div>\n                                        <div class=\"pxl-swiper-dots\"><\/div>\n                    <\/div>\n    <\/div>\n\t\t<\/div>\n\t\t\t\t<\/div>\n\t\t            <\/div>\r\n        <\/div>\r\n        \t\t\t<\/div>\n\t\t<\/section>\n\t\t        <section class=\"elementor-section elementor-top-section elementor-element elementor-element-50f04002 pxl-bg-fou-six elementor-section-boxed elementor-section-height-default elementor-section-height-default pxl-row-scroll-none pxl-show-grid-none pxl-section-bg-none pxl-section-grid-bg-false\" data-id=\"50f04002\" data-element_type=\"section\" id=\"projects\">\n\n                \n                <div class=\"elementor-container elementor-column-gap-default \">\n                <div class=\"elementor-column elementor-col-100 elementor-top-column elementor-element elementor-element-7e36d466 pxl-column-none\" data-id=\"7e36d466\" data-element_type=\"column\">\r\n        <div class=\"elementor-widget-wrap elementor-element-populated\">\r\n                     \r\n        \t\t<div class=\"elementor-element elementor-element-204c3f4a elementor-widget elementor-widget-pxl_text_editor\" data-id=\"204c3f4a\" data-element_type=\"widget\" data-widget_type=\"pxl_text_editor.default\">\n\t\t\t\t<div class=\"elementor-widget-container\">\n\t\t\t<div class=\"pxl-text-editor \" data-wow-delay=\"ms\" data-wow-duration=\"1.2s\">\n\t<div class=\"pxl-item--inner    \">\n\t\t<p><span style=\"font-weight: 400\">En Alitec, <span style=\"text-decoration: underline;color: #1a5097\">hemos desarrollado el Programa + AGUA<\/span>, un programa integral que optimiza la gesti\u00f3n del agua en M\u00e9xico, mejorando eficiencia operativa, optimizando los recursos de los organismos operadores y fortaleciendo la relaci\u00f3n con usuarios.<\/span><\/p>\t<\/div>\n<\/div>\n\t\t<\/div>\n\t\t\t\t<\/div>\n\t\t\t\t<div class=\"elementor-element elementor-element-9e49ca4 elementor-widget elementor-widget-accordion\" data-id=\"9e49ca4\" data-element_type=\"widget\" data-widget_type=\"accordion.default\">\n\t\t\t\t<div class=\"elementor-widget-container\">\n\t\t\t<style>.elementor-accordion{text-align:start}.elementor-accordion .elementor-accordion-item{border:1px solid #d5d8dc}.elementor-accordion .elementor-accordion-item+.elementor-accordion-item{border-top:none}.elementor-accordion .elementor-tab-title{margin:0;padding:15px 20px;font-weight:700;line-height:1;cursor:pointer;outline:none}.elementor-accordion .elementor-tab-title .elementor-accordion-icon{display:inline-block;width:1.5em}.elementor-accordion .elementor-tab-title .elementor-accordion-icon svg{width:1em;height:1em}.elementor-accordion .elementor-tab-title .elementor-accordion-icon.elementor-accordion-icon-right{float:right;text-align:right}.elementor-accordion .elementor-tab-title .elementor-accordion-icon.elementor-accordion-icon-left{float:left;text-align:left}.elementor-accordion .elementor-tab-title .elementor-accordion-icon .elementor-accordion-icon-closed{display:block}.elementor-accordion .elementor-tab-title .elementor-accordion-icon .elementor-accordion-icon-opened,.elementor-accordion .elementor-tab-title.elementor-active .elementor-accordion-icon-closed{display:none}.elementor-accordion .elementor-tab-title.elementor-active .elementor-accordion-icon-opened{display:block}.elementor-accordion .elementor-tab-content{display:none;padding:15px 20px;border-top:1px solid #d5d8dc}@media (max-width:767px){.elementor-accordion .elementor-tab-title{padding:12px 15px}.elementor-accordion .elementor-tab-title .elementor-accordion-icon{width:1.2em}.elementor-accordion .elementor-tab-content{padding:7px 15px}}.e-con-inner>.elementor-widget-accordion,.e-con>.elementor-widget-accordion{width:var(--container-widget-width);--flex-grow:var(--container-widget-flex-grow)}<\/style>\t\t<div class=\"elementor-accordion\">\n\t\t\t\t\t\t\t<div class=\"elementor-accordion-item\">\n\t\t\t\t\t<div id=\"elementor-tab-title-1651\" class=\"elementor-tab-title\" data-tab=\"1\" role=\"button\" aria-controls=\"elementor-tab-content-1651\" aria-expanded=\"false\">\n\t\t\t\t\t\t\t\t\t\t\t\t\t<span class=\"elementor-accordion-icon elementor-accordion-icon-right\" aria-hidden=\"true\">\n\t\t\t\t\t\t\t\t\t\t\t\t\t\t\t<span class=\"elementor-accordion-icon-closed\"><i class=\"fas fa-plus\"><\/i><\/span>\n\t\t\t\t\t\t\t\t<span class=\"elementor-accordion-icon-opened\"><i class=\"fas fa-minus\"><\/i><\/span>\n\t\t\t\t\t\t\t\t\t\t\t\t\t\t<\/span>\n\t\t\t\t\t\t\t\t\t\t\t\t<a class=\"elementor-accordion-title\" tabindex=\"0\">1- EVALUACI\u00d3N PRELIMINAR<\/a>\n\t\t\t\t\t<\/div>\n\t\t\t\t\t<div id=\"elementor-tab-content-1651\" class=\"elementor-tab-content elementor-clearfix\" data-tab=\"1\" role=\"region\" aria-labelledby=\"elementor-tab-title-1651\"><p><em>Asegura viabilidad financiera y jur\u00eddica, garantizando la solidez del proyecto en cada organismo operador desde el inicio.<\/em><\/p><ul><li style=\"list-style-type: none;\"><ul><li><span style=\"color: #333333;\"><span style=\"font-weight: 500;\">Determinar la <\/span><b>viabilidad financiera y jur\u00eddica<\/b><span style=\"font-weight: 500;\"> del proyecto<\/span><\/span><\/li><li><span style=\"color: #333333;\"><span style=\"font-weight: 500;\">Determinar el <\/span><b>monto m\u00e1ximo de inversiones<\/b><\/span><\/li><li><span style=\"color: #333333;\"><span style=\"font-weight: 500;\">Determinar la <\/span><b>modalidad de contrataci\u00f3n y vigencia<\/b><span style=\"font-weight: 500;\"> m\u00ednima del CPS<\/span><\/span><\/li><li><span style=\"color: #333333;\"><span style=\"font-weight: 500;\">Determinar el instrumento de <\/span><b>garant\u00eda de pagos<\/b><\/span><\/li><li><span style=\"color: #333333;\"><span style=\"font-weight: 500;\">Identificar los principales <\/span><b>riesgos pol\u00edticos y sociales<\/b><\/span><\/li><\/ul><\/li><\/ul><\/div>\n\t\t\t\t<\/div>\n\t\t\t\t\t\t\t<div class=\"elementor-accordion-item\">\n\t\t\t\t\t<div id=\"elementor-tab-title-1652\" class=\"elementor-tab-title\" data-tab=\"2\" role=\"button\" aria-controls=\"elementor-tab-content-1652\" aria-expanded=\"false\">\n\t\t\t\t\t\t\t\t\t\t\t\t\t<span class=\"elementor-accordion-icon elementor-accordion-icon-right\" aria-hidden=\"true\">\n\t\t\t\t\t\t\t\t\t\t\t\t\t\t\t<span class=\"elementor-accordion-icon-closed\"><i class=\"fas fa-plus\"><\/i><\/span>\n\t\t\t\t\t\t\t\t<span class=\"elementor-accordion-icon-opened\"><i class=\"fas fa-minus\"><\/i><\/span>\n\t\t\t\t\t\t\t\t\t\t\t\t\t\t<\/span>\n\t\t\t\t\t\t\t\t\t\t\t\t<a class=\"elementor-accordion-title\" tabindex=\"0\">2.- IMPLEMENTACI\u00d3N DE LA SOLUCI\u00d3N + AGUA<\/a>\n\t\t\t\t\t<\/div>\n\t\t\t\t\t<div id=\"elementor-tab-content-1652\" class=\"elementor-tab-content elementor-clearfix\" data-tab=\"2\" role=\"region\" aria-labelledby=\"elementor-tab-title-1652\"><p>Integra tecnolog\u00eda avanzada con monitoreo centralizado, optimizando la operaci\u00f3n y supervisi\u00f3n del sistema.<\/p><ul><li style=\"list-style-type: none;\"><ul><li><span style=\"font-weight: 500;\">Adecuamosn e Instamos en los Organismos Operadores:<\/span><ul><li><span style=\"font-weight: 500;\">M\u00f3dulo de Planeaci\u00f3n y Evaluaci\u00f3n TI +AGUA<\/span><\/li><li><span style=\"font-weight: 500;\">M\u00f3dulo de la Producci\u00f3n de los Servicios TI +AGUA<\/span><\/li><li><span style=\"font-weight: 500;\">M\u00f3dulo Comercial TI +AGUA<\/span><\/li><li><span style=\"font-weight: 500;\">M\u00f3dulo para la Administraci\u00f3n de Recursos TI +AGUA<\/span><\/li><li><span style=\"font-weight: 500;\">M\u00f3dulo para la Construcci\u00f3n TI +AGUA<\/span><\/li><\/ul><\/li><li><span style=\"font-weight: 500;\">Adecuamos e Instalamos el Centro de Monitoreo y Control de la Operaci\u00f3n (CEMCO)<\/span><\/li><\/ul><\/li><\/ul><\/div>\n\t\t\t\t<\/div>\n\t\t\t\t\t\t\t<div class=\"elementor-accordion-item\">\n\t\t\t\t\t<div id=\"elementor-tab-title-1653\" class=\"elementor-tab-title\" data-tab=\"3\" role=\"button\" aria-controls=\"elementor-tab-content-1653\" aria-expanded=\"false\">\n\t\t\t\t\t\t\t\t\t\t\t\t\t<span class=\"elementor-accordion-icon elementor-accordion-icon-right\" aria-hidden=\"true\">\n\t\t\t\t\t\t\t\t\t\t\t\t\t\t\t<span class=\"elementor-accordion-icon-closed\"><i class=\"fas fa-plus\"><\/i><\/span>\n\t\t\t\t\t\t\t\t<span class=\"elementor-accordion-icon-opened\"><i class=\"fas fa-minus\"><\/i><\/span>\n\t\t\t\t\t\t\t\t\t\t\t\t\t\t<\/span>\n\t\t\t\t\t\t\t\t\t\t\t\t<a class=\"elementor-accordion-title\" tabindex=\"0\">3.- MEJORAMIENTO DE LA EFICIENCIA COMERCIAL<\/a>\n\t\t\t\t\t<\/div>\n\t\t\t\t\t<div id=\"elementor-tab-content-1653\" class=\"elementor-tab-content elementor-clearfix\" data-tab=\"3\" role=\"region\" aria-labelledby=\"elementor-tab-title-1653\"><p>Permite al organismo optimizar la recaudaci\u00f3n y fortalecer su relaci\u00f3n con los usuarios mediante un padr\u00f3n actualizado.<\/p><ul><li style=\"list-style-type: none;\"><ul><li><span style=\"font-weight: 500;\">Dise\u00f1o y elaboraci\u00f3n del catastro comercial<\/span><\/li><li><span style=\"font-weight: 500;\">Actualizaci\u00f3n del<strong> padr\u00f3n de usuarios<\/strong><\/span><\/li><li><span style=\"font-weight: 500;\">Depuraci\u00f3n y recuperaci\u00f3n de cuentas por cobrar<\/span><\/li><li><span style=\"font-weight: 500;\">Regularizaci\u00f3n del<strong> sistema de medici\u00f3n<\/strong> (Suministro e instalaci\u00f3n de micromedidores)<\/span><\/li><li><span style=\"font-weight: 500;\">Regularizaci\u00f3n de tomas ilegales<\/span><\/li><\/ul><\/li><\/ul><\/div>\n\t\t\t\t<\/div>\n\t\t\t\t\t\t\t<div class=\"elementor-accordion-item\">\n\t\t\t\t\t<div id=\"elementor-tab-title-1654\" class=\"elementor-tab-title\" data-tab=\"4\" role=\"button\" aria-controls=\"elementor-tab-content-1654\" aria-expanded=\"false\">\n\t\t\t\t\t\t\t\t\t\t\t\t\t<span class=\"elementor-accordion-icon elementor-accordion-icon-right\" aria-hidden=\"true\">\n\t\t\t\t\t\t\t\t\t\t\t\t\t\t\t<span class=\"elementor-accordion-icon-closed\"><i class=\"fas fa-plus\"><\/i><\/span>\n\t\t\t\t\t\t\t\t<span class=\"elementor-accordion-icon-opened\"><i class=\"fas fa-minus\"><\/i><\/span>\n\t\t\t\t\t\t\t\t\t\t\t\t\t\t<\/span>\n\t\t\t\t\t\t\t\t\t\t\t\t<a class=\"elementor-accordion-title\" tabindex=\"0\">4.- MEJORAR LA EFICIENCIA F\u00cdSICA<\/a>\n\t\t\t\t\t<\/div>\n\t\t\t\t\t<div id=\"elementor-tab-content-1654\" class=\"elementor-tab-content elementor-clearfix\" data-tab=\"4\" role=\"region\" aria-labelledby=\"elementor-tab-title-1654\"><p>Ayuda al organismo a reducir p\u00e9rdidas de m3 de agua y a automatizar procesos para un uso m\u00e1s eficiente.<\/p><ul><li style=\"list-style-type: none;\"><ul><li><span style=\"font-weight: 500;\">Dise\u00f1o y cierre de<strong> circuitos hidrom\u00e9tricos<\/strong><\/span><\/li><li><span style=\"font-weight: 500;\"><strong>Suministro e instalaci\u00f3n<\/strong> de macro medidores<\/span><\/li><li><span style=\"font-weight: 500;\"><strong>Recuperaci\u00f3n<\/strong> de p\u00e9rdidas de agua<\/span><\/li><li><span style=\"font-weight: 500;\"><strong>Automatizaci\u00f3n<\/strong> de la l\u00ednea de producci\u00f3n (telemetr\u00eda)<\/span><\/li><\/ul><\/li><\/ul><\/div>\n\t\t\t\t<\/div>\n\t\t\t\t\t\t\t<div class=\"elementor-accordion-item\">\n\t\t\t\t\t<div id=\"elementor-tab-title-1655\" class=\"elementor-tab-title\" data-tab=\"5\" role=\"button\" aria-controls=\"elementor-tab-content-1655\" aria-expanded=\"false\">\n\t\t\t\t\t\t\t\t\t\t\t\t\t<span class=\"elementor-accordion-icon elementor-accordion-icon-right\" aria-hidden=\"true\">\n\t\t\t\t\t\t\t\t\t\t\t\t\t\t\t<span class=\"elementor-accordion-icon-closed\"><i class=\"fas fa-plus\"><\/i><\/span>\n\t\t\t\t\t\t\t\t<span class=\"elementor-accordion-icon-opened\"><i class=\"fas fa-minus\"><\/i><\/span>\n\t\t\t\t\t\t\t\t\t\t\t\t\t\t<\/span>\n\t\t\t\t\t\t\t\t\t\t\t\t<a class=\"elementor-accordion-title\" tabindex=\"0\">5.- ACOMPA\u00d1AMIENTO Y SOPORTE PROFESIONAL<\/a>\n\t\t\t\t\t<\/div>\n\t\t\t\t\t<div id=\"elementor-tab-content-1655\" class=\"elementor-tab-content elementor-clearfix\" data-tab=\"5\" role=\"region\" aria-labelledby=\"elementor-tab-title-1655\"><p>Proporcionamos al Organismo Operador asistencia continua, asegurando la correcta implementaci\u00f3n y funcionamiento del Programa + Agua.<\/p><ul><li style=\"list-style-type: none;\"><ul><li><span style=\"font-weight: 500;\">Coordinar la operaci\u00f3n del CEMCO<\/span><\/li><li><span style=\"font-weight: 500;\">Soporte profesional<\/span><ul><li><span style=\"font-weight: 500;\">En la planeaci\u00f3n, evaluaci\u00f3n y control\u00a0<\/span><\/li><li><span style=\"font-weight: 500;\">En la resoluci\u00f3n de ALERTAS<\/span><\/li><\/ul><\/li><li><span style=\"font-weight: 500;\">Acompa\u00f1amiento en la atenci\u00f3n de alertas.<\/span><\/li><li><span style=\"font-weight: 500;\">Coordinar la ejecuci\u00f3n del plan de inversiones<\/span><\/li><\/ul><\/li><\/ul><\/div>\n\t\t\t\t<\/div>\n\t\t\t\t\t\t\t<div class=\"elementor-accordion-item\">\n\t\t\t\t\t<div id=\"elementor-tab-title-1656\" class=\"elementor-tab-title\" data-tab=\"6\" role=\"button\" aria-controls=\"elementor-tab-content-1656\" aria-expanded=\"false\">\n\t\t\t\t\t\t\t\t\t\t\t\t\t<span class=\"elementor-accordion-icon elementor-accordion-icon-right\" aria-hidden=\"true\">\n\t\t\t\t\t\t\t\t\t\t\t\t\t\t\t<span class=\"elementor-accordion-icon-closed\"><i class=\"fas fa-plus\"><\/i><\/span>\n\t\t\t\t\t\t\t\t<span class=\"elementor-accordion-icon-opened\"><i class=\"fas fa-minus\"><\/i><\/span>\n\t\t\t\t\t\t\t\t\t\t\t\t\t\t<\/span>\n\t\t\t\t\t\t\t\t\t\t\t\t<a class=\"elementor-accordion-title\" tabindex=\"0\">6.- VINCULACI\u00d3N Y PARTICIPACI\u00d3N CIUDADANA<\/a>\n\t\t\t\t\t<\/div>\n\t\t\t\t\t<div id=\"elementor-tab-content-1656\" class=\"elementor-tab-content elementor-clearfix\" data-tab=\"6\" role=\"region\" aria-labelledby=\"elementor-tab-title-1656\"><p><strong>Fortalecemos la relaci\u00f3n del Organismo Operador con la comunidad<\/strong>, promoviendo una gesti\u00f3n m\u00e1s sostenible y participativa.<\/p><ul><li style=\"list-style-type: none;\"><ul><li><span style=\"font-weight: 500;\">Desarrollar el mapa de actores y grupos de inter\u00e9s<\/span><\/li><li><span style=\"font-weight: 500;\">Acompa\u00f1amiento en la administraci\u00f3n de redes sociales del cliente.<\/span><\/li><li><span style=\"font-weight: 500;\">Acompa\u00f1amiento en la organizaci\u00f3n de foros informativos.<\/span><\/li><\/ul><\/li><\/ul><\/div>\n\t\t\t\t<\/div>\n\t\t\t\t\t\t\t\t<\/div>\n\t\t\t\t<\/div>\n\t\t\t\t<\/div>\n\t\t            <\/div>\r\n        <\/div>\r\n        \t\t\t<\/div>\n\t\t<\/section>\n\t\t\t\t<\/div>\n\t\t","protected":false},"excerpt":{"rendered":"<p>MEJORANDO LA EFICIENCIA DE LOS ORGANISMOS OPERADORES Implementamos un programa integral que optimiza la gestion de los Organismos Operadores del Agua Potable en M\u00e9xico, garantizando eficiencia, sostenibilidad y calidad. \u2014 &#8211; A MEJORANDO LA EFICIENCIA DE LOS ORGANISMOS OPERADORES Implementamos un programa integral que optimiza la gestion de los Organismos Operadores del Agua Potable en [&hellip;]<\/p>\n","protected":false},"author":1,"featured_media":0,"parent":0,"menu_order":0,"comment_status":"closed","ping_status":"closed","template":"","meta":{"footnotes":""},"class_list":["post-6757","page","type-page","status-publish","hentry"],"_links":{"self":[{"href":"https:\/\/pruebasindigo86.xyz\/alitec\/wp-json\/wp\/v2\/pages\/6757","targetHints":{"allow":["GET"]}}],"collection":[{"href":"https:\/\/pruebasindigo86.xyz\/alitec\/wp-json\/wp\/v2\/pages"}],"about":[{"href":"https:\/\/pruebasindigo86.xyz\/alitec\/wp-json\/wp\/v2\/types\/page"}],"author":[{"embeddable":true,"href":"https:\/\/pruebasindigo86.xyz\/alitec\/wp-json\/wp\/v2\/users\/1"}],"replies":[{"embeddable":true,"href":"https:\/\/pruebasindigo86.xyz\/alitec\/wp-json\/wp\/v2\/comments?post=6757"}],"version-history":[{"count":52,"href":"https:\/\/pruebasindigo86.xyz\/alitec\/wp-json\/wp\/v2\/pages\/6757\/revisions"}],"predecessor-version":[{"id":10417,"href":"https:\/\/pruebasindigo86.xyz\/alitec\/wp-json\/wp\/v2\/pages\/6757\/revisions\/10417"}],"wp:attachment":[{"href":"https:\/\/pruebasindigo86.xyz\/alitec\/wp-json\/wp\/v2\/media?parent=6757"}],"curies":[{"name":"wp","href":"https:\/\/api.w.org\/{rel}","templated":true}]}}