{"id":9850,"date":"2024-08-29T01:54:50","date_gmt":"2024-08-29T01:54:50","guid":{"rendered":"https:\/\/pruebasindigo86.xyz\/alitec\/?page_id=9850"},"modified":"2024-09-12T19:58:38","modified_gmt":"2024-09-12T19:58:38","slug":"blog","status":"publish","type":"page","link":"https:\/\/pruebasindigo86.xyz\/alitec\/blog\/","title":{"rendered":"Blog"},"content":{"rendered":"\t\t<div data-elementor-type=\"wp-page\" data-elementor-id=\"9850\" class=\"elementor elementor-9850\" data-elementor-post-type=\"page\">\n\t\t\t\t        <section class=\"elementor-section elementor-top-section elementor-element elementor-element-b90f3bb elementor-section-boxed elementor-section-height-default elementor-section-height-default pxl-row-scroll-none pxl-show-grid-none pxl-section-bg-none pxl-section-grid-bg-false\" data-id=\"b90f3bb\" data-element_type=\"section\">\n\n                \n                <div class=\"elementor-container elementor-column-gap-default \">\n                <div class=\"elementor-column elementor-col-100 elementor-top-column elementor-element elementor-element-e03cda0 pxl-column-none\" data-id=\"e03cda0\" data-element_type=\"column\">\r\n        <div class=\"elementor-widget-wrap elementor-element-populated\">\r\n                     \r\n        \t\t<div class=\"elementor-element elementor-element-15774a6 elementor-widget elementor-widget-pxl_heading\" data-id=\"15774a6\" data-element_type=\"widget\" data-widget_type=\"pxl_heading.default\">\n\t\t\t\t<div class=\"elementor-widget-container\">\n\t\t\t<div class=\"pxl-heading  \">\n\t<div class=\"pxl-heading--inner \">\n\t\t\t\t<h3 class=\"pxl-item--title style1 divider-none  wow fadeInUp \" data-wow-delay=\"ms\" data-wow-duration=\"1.2s\">\n\t\t\tULTIMAS NOTICIAS\t\t\t\t\t<\/h3>\n\t<\/div>\n<\/div>\n\t\t<\/div>\n\t\t\t\t<\/div>\n\t\t\t\t<div class=\"elementor-element elementor-element-7c3cd1c pxl-post-layout-post-1 elementor-widget elementor-widget-pxl_post_grid\" data-id=\"7c3cd1c\" data-element_type=\"widget\" data-widget_type=\"pxl_post_grid.default\">\n\t\t\t\t<div class=\"elementor-widget-container\">\n\t\t\t\n<div id=\"pxl_post_grid-7c3cd1c-1140\" class=\"pxl-grid pxl-blog-grid pxl-blog-grid-layout1 pxl-parent-transition\" data-layout=\"masonry\" data-start-page=\"1\" data-max-pages=\"1\" data-total=\"2\" data-perpage=\"6\" data-next-link=\"\">\n    \n    <div class=\"pxl-grid-inner pxl-grid-masonry row\" data-gutter=\"15\">\n        <div class=\"grid-sizer col-xxl-4 col-xl-4 col-lg-4 col-md-6 col-sm-6 col-12\"><\/div>\n                    <div class=\"pxl-grid-item col-xxl-4 col-xl-4 col-lg-4 col-md-6 col-sm-6 col-12 \">\n                <div class=\"pxl-item--inner \" data-wow-duration=\"1.2s\">\n                                            <div class=\"item--featured\">\n                            <img fetchpriority=\"high\" decoding=\"async\" class=\"no-lazyload \" src=\"https:\/\/pruebasindigo86.xyz\/alitec\/wp-content\/uploads\/2024\/08\/pexels-arulonline-532006-scaled-1170x1543.jpg\" width=\"1170\" height=\"1543\" alt=\"pexels-arulonline-532006\" title=\"pexels-arulonline-532006\" \/>                        <\/div>\n                                        <div class=\"item--content\">\n                        <span class=\"item--overlay\"><\/span>\n                                                <h1 class=\"item--count show\">01<\/h1>\n                        <h1 class=\"item--count hide\">01<\/h1>\n\n                                                    <ul class=\"item--meta pxl-transtion\">\n                                                                    <li class=\"item--date\">agosto 28, 2024<\/li>\n                                                                                            <\/ul>\n                                                <h5 class=\"item--title\"><a class=\"pxl-transtion\" href=\"https:\/\/pruebasindigo86.xyz\/alitec\/retos-y-oportunidades-para-la-gestion-del-agua-en-zonas-urbanas-de-mexico\/\">Retos y Oportunidades para la Gesti\u00f3n del Agua en Zonas Urbanas de M\u00e9xico<\/a><\/h5>\n                                                    <div class=\"item--excerpt pxl-transtion \" >\n                                Enfrentando desaf\u00edos urbanos, ALITEC lidera la transformaci\u00f3n hacia una gesti\u00f3n h\u00eddrica m\u00e1s eficiente y sostenible.                            <\/div>\n                                                                            <a class=\"item--button pxl-btn-line pxl-transtion\" href=\"https:\/\/pruebasindigo86.xyz\/alitec\/retos-y-oportunidades-para-la-gestion-del-agua-en-zonas-urbanas-de-mexico\/\">\n                                <span class=\"btn-text\">\n                                    Ver Detalles                                <\/span>\n                                <span class=\"btn-icon\">\n                                    <span class=\"line\"><\/span>\n                                    <span class=\"circle\"><\/span>\n                                    <span class=\"dot\"><\/span>\n                                <\/span>\n                            <\/a>\n                                            <\/div>\n                <\/div>\n            <\/div>\n                    <div class=\"pxl-grid-item col-xxl-4 col-xl-4 col-lg-4 col-md-6 col-sm-6 col-12 \">\n                <div class=\"pxl-item--inner \" data-wow-duration=\"1.2s\">\n                                            <div class=\"item--featured\">\n                            <img decoding=\"async\" class=\"no-lazyload \" src=\"https:\/\/pruebasindigo86.xyz\/alitec\/wp-content\/uploads\/2024\/08\/15872936783_b2e20bdf8d_o-scaled-1170x1543.jpg\" width=\"1170\" height=\"1543\" alt=\"15872936783_b2e20bdf8d_o\" title=\"15872936783_b2e20bdf8d_o\" \/>                        <\/div>\n                                        <div class=\"item--content\">\n                        <span class=\"item--overlay\"><\/span>\n                                                <h1 class=\"item--count show\">02<\/h1>\n                        <h1 class=\"item--count hide\">02<\/h1>\n\n                                                    <ul class=\"item--meta pxl-transtion\">\n                                                                    <li class=\"item--date\">agosto 28, 2024<\/li>\n                                                                                            <\/ul>\n                                                <h5 class=\"item--title\"><a class=\"pxl-transtion\" href=\"https:\/\/pruebasindigo86.xyz\/alitec\/innovaciones-en-la-gestion-del-agua-potable-en-mexico\/\">Innovaciones en la Gesti\u00f3n del Agua Potable en M\u00e9xico<\/a><\/h5>\n                                                    <div class=\"item--excerpt pxl-transtion \" >\n                                ALITEC impulsa el futuro del agua potable en M\u00e9xico con tecnolog\u00eda avanzada y soluciones sostenible                            <\/div>\n                                                                            <a class=\"item--button pxl-btn-line pxl-transtion\" href=\"https:\/\/pruebasindigo86.xyz\/alitec\/innovaciones-en-la-gestion-del-agua-potable-en-mexico\/\">\n                                <span class=\"btn-text\">\n                                    Ver Detalles                                <\/span>\n                                <span class=\"btn-icon\">\n                                    <span class=\"line\"><\/span>\n                                    <span class=\"circle\"><\/span>\n                                    <span class=\"dot\"><\/span>\n                                <\/span>\n                            <\/a>\n                                            <\/div>\n                <\/div>\n            <\/div>\n            <\/div>\n    <div class=\"pxl-grid-no-results\">No matching results.<\/div>\n        <\/div>\t\t<\/div>\n\t\t\t\t<\/div>\n\t\t            <\/div>\r\n        <\/div>\r\n        \t\t\t<\/div>\n\t\t<\/section>\n\t\t\t\t<\/div>\n\t\t","protected":false},"excerpt":{"rendered":"<p>ULTIMAS NOTICIAS 01 01 agosto 28, 2024 Retos y Oportunidades para la Gesti\u00f3n del Agua en Zonas Urbanas de M\u00e9xico Enfrentando desaf\u00edos urbanos, ALITEC lidera la transformaci\u00f3n hacia una gesti\u00f3n h\u00eddrica m\u00e1s eficiente y sostenible. Ver Detalles 02 02 agosto 28, 2024 Innovaciones en la Gesti\u00f3n del Agua Potable en M\u00e9xico ALITEC impulsa el futuro [&hellip;]<\/p>\n","protected":false},"author":1,"featured_media":0,"parent":0,"menu_order":0,"comment_status":"closed","ping_status":"closed","template":"","meta":{"footnotes":""},"class_list":["post-9850","page","type-page","status-publish","hentry"],"_links":{"self":[{"href":"https:\/\/pruebasindigo86.xyz\/alitec\/wp-json\/wp\/v2\/pages\/9850","targetHints":{"allow":["GET"]}}],"collection":[{"href":"https:\/\/pruebasindigo86.xyz\/alitec\/wp-json\/wp\/v2\/pages"}],"about":[{"href":"https:\/\/pruebasindigo86.xyz\/alitec\/wp-json\/wp\/v2\/types\/page"}],"author":[{"embeddable":true,"href":"https:\/\/pruebasindigo86.xyz\/alitec\/wp-json\/wp\/v2\/users\/1"}],"replies":[{"embeddable":true,"href":"https:\/\/pruebasindigo86.xyz\/alitec\/wp-json\/wp\/v2\/comments?post=9850"}],"version-history":[{"count":23,"href":"https:\/\/pruebasindigo86.xyz\/alitec\/wp-json\/wp\/v2\/pages\/9850\/revisions"}],"predecessor-version":[{"id":10696,"href":"https:\/\/pruebasindigo86.xyz\/alitec\/wp-json\/wp\/v2\/pages\/9850\/revisions\/10696"}],"wp:attachment":[{"href":"https:\/\/pruebasindigo86.xyz\/alitec\/wp-json\/wp\/v2\/media?parent=9850"}],"curies":[{"name":"wp","href":"https:\/\/api.w.org\/{rel}","templated":true}]}}